{"id":2642,"date":"2022-07-01T11:06:29","date_gmt":"2022-07-01T16:06:29","guid":{"rendered":"https:\/\/apurata.com\/blog\/?page_id=2642"},"modified":"2022-09-23T11:15:41","modified_gmt":"2022-09-23T16:15:41","slug":"android","status":"publish","type":"page","link":"https:\/\/apurata.com\/blog\/privacidad\/android\/","title":{"rendered":"Pol\u00edtica de Privacidad (Android)"},"content":{"rendered":"\n<p>\u201cTecno Cr\u00e9ditos SAC\u201d construy\u00f3 la aplicaci\u00f3n \u201c<a href=\"https:\/\/play.google.com\/store\/apps\/details?id=com.apurata.prestamos.prestamos.creditos&amp;hl=es_VE\">Apurata Pr\u00e9stamos \u2013 Validaci\u00f3n<\/a>\u201d como una aplicaci\u00f3n gratuita.&nbsp;Este SERVICIO es proporcionado por Tecno Cr\u00e9ditos SAC sin costo alguno y est\u00e1 destinado a ser utilizado tal cual.<\/p>\n\n\n\n<p>Esta p\u00e1gina se utiliza para informar a los usuarios sobre nuestras pol\u00edticas con la recopilaci\u00f3n, el uso y la divulgaci\u00f3n de informaci\u00f3n personal si alguien decide utilizar nuestro Servicio.<\/p>\n\n\n\n<p>Si elige utilizar nuestro Servicio, acepta la recopilaci\u00f3n y el uso de informaci\u00f3n en relaci\u00f3n con esta pol\u00edtica.&nbsp;La informaci\u00f3n personal que recopilamos se utiliza para proporcionar y mejorar el Servicio.&nbsp;No usaremos ni compartiremos su informaci\u00f3n con nadie excepto como se describe en esta Pol\u00edtica de privacidad.<\/p>\n\n\n\n<p>Los t\u00e9rminos utilizados en esta Pol\u00edtica de privacidad tienen los mismos significados que en nuestros T\u00e9rminos y condiciones, a los que se puede acceder en Apurata Pr\u00e9stamos \u2013 Validaci\u00f3n, a menos que se defina lo contrario en esta Pol\u00edtica de privacidad.<\/p>\n\n\n\n<h2>\u00bfQu\u00e9 informaci\u00f3n recopilamos?<\/h2>\n\n\n\n<p>Al utilizar nuestra aplicaci\u00f3n, es posible que le solicitemos los siguientes tipos de informaci\u00f3n:<\/p>\n\n\n\n<ul><li><strong>Informaci\u00f3n personal<\/strong>: N\u00famero y foto de DNI (Documento Nacional de Identidad Peruano), foto selfie, ubicaci\u00f3n, lista de contactos<\/li><li><strong>Informaci\u00f3n financiera:<\/strong> N\u00famero de cuenta y banco donde recibir\u00e1s el monto del pr\u00e9stamo<\/li><\/ul>\n\n\n\n<p>Adem\u00e1s, usamos tecnolog\u00edas de seguimiento que recolectan informaci\u00f3n sobre su sesi\u00f3n y su dispositivo, tal como nombre y modelo del dispositivo, versi\u00f3n de sistema operativo, direcci\u00f3n IP, hora de interacci\u00f3n, etc.&nbsp; <\/p>\n\n\n\n<p>En cuanto a la <strong>lista de contactos<\/strong>, desde la app se <strong>env\u00eda <\/strong>la <strong>lista de contactos <\/strong>de su dispositivo a nuestra p\u00e1gina <a href=\"https:\/\/apurata.com\">https:\/\/apurata.com<\/a> como parte del proceso, al recopilar estos datos nosotros <strong>no compartimos <\/strong>con terceros, <strong>ni mandamos <\/strong>mensajes o hacemos llamadas a los contactos que pertenezcan a esta lista, por lo que si desea y esta <strong>de acuerdo <\/strong>con esto, podr\u00e1 continuar con el proceso de su solicitud ya que es necesario recopilar esta informaci\u00f3n.<\/p>\n\n\n\n<p>La informaci\u00f3n que solicitamos ser\u00e1 retenida por nosotros indefinidamente.<\/p>\n\n\n\n<h2>\u00bfC\u00f3mo usamos su informaci\u00f3n?<\/h2>\n\n\n\n<p>Su informaci\u00f3n personal es utilizada para validar la informaci\u00f3n que proporcion\u00f3 en nuestra p\u00e1gina web https:\/\/apurata.com al momento de su solicitud. Tambi\u00e9n es utilizada para prevenci\u00f3n de fraude.<\/p>\n\n\n\n<p>Su informaci\u00f3n financiera es utilizada para hacerle el desembolso del monto del pr\u00e9stamo una vez que haya pasado por todas nuestras comprobaciones internas.<\/p>\n\n\n\n<p>La informaci\u00f3n de seguimiento que recolectamos tiene los siguientes prop\u00f3sitos:<\/p>\n\n\n\n<ul id=\"block-7df3ff4d-592f-4ce2-a486-68b4bdda744a\"><li><strong>Anal\u00edtica:<\/strong> Nos ayuda a mejorar nuestros servicios<\/li><li><strong>Reporte de errores:<\/strong> Nos ayuda a analizar y corregir los errores que se producen en nuestro app<\/li><\/ul>\n\n\n\n<h2>\u00bfC\u00f3mo compartimos su informaci\u00f3n?<\/h2>\n\n\n\n<p>Es posible que empleemos servicios de terceros debido a las siguientes razones:<\/p>\n\n\n\n<ul><li>Para facilitar nuestro Servicio;<\/li><li>Para proporcionar el Servicio en nuestro nombre;<\/li><li>Para realizar servicios relacionados con el Servicio;&nbsp;o<\/li><li>Para ayudarnos a analizar c\u00f3mo se utiliza nuestro Servicio.<\/li><\/ul>\n\n\n\n<p>Queremos informar a los usuarios de este Servicio que los terceros s\u00f3lo tienen acceso a su n\u00famero de DNI y a informaci\u00f3n de seguimiento, como se describe m\u00e1s arriba.&nbsp;El motivo es realizar las tareas que se les asignan en nuestro nombre.&nbsp;Sin embargo, est\u00e1n obligados a no divulgar ni utilizar la informaci\u00f3n para ning\u00fan otro fin.<\/p>\n\n\n\n<p>No vendemos ni compartimos con terceros las fotos, la ubicaci\u00f3n, ni la lista de contactos. Tampoco la informaci\u00f3n financiera recolectada.<\/p>\n\n\n\n<p>Enlace a la pol\u00edtica de privacidad de los proveedores de servicios de terceros utilizados por la aplicaci\u00f3n:<\/p>\n\n\n\n<ul><li><a href=\"https:\/\/www.google.com\/policies\/privacy\/\">Servicios de Google Play<\/a><\/li><li><a href=\"https:\/\/firebase.google.com\/policies\/analytics\">Google Analytics for Firebase<\/a><\/li><li><a href=\"https:\/\/firebase.google.com\/support\/privacy\/\">Firebase Crashlytics<\/a><\/li><li><a href=\"https:\/\/policies.google.com\/privacy\">Fabric<\/a><\/li><li><a href=\"https:\/\/sentry.io\/privacy\/\">Sentry<\/a><\/li><\/ul>\n\n\n\n<h2>Seguridad<\/h2>\n\n\n\n<p>Valoramos su confianza al proporcionarnos su informaci\u00f3n personal, por lo que nos esforzamos por utilizar medios comercialmente aceptables para protegerla:<\/p>\n\n\n\n<ul><li>Toda la informaci\u00f3n que recolectamos es almacenada en la nube, con proveedores que mantienen medidas de seguridad f\u00edsicas para proteger nuestros sitemas de accesos no autorizados.<\/li><li>Usamos encryptaci\u00f3n para la transmisi\u00f3n de informaci\u00f3n.<\/li><li>El acceso a su informaci\u00f3n es otorgado solamente a los empleados o agentes que lo requieren para cumplir con las responsabilidades de su trabajo.<\/li><\/ul>\n\n\n\n<p>Pero recuerde que ning\u00fan m\u00e9todo de transmisi\u00f3n por Internet, o m\u00e9todo de almacenamiento electr\u00f3nico es 100% seguro y confiable, y no podemos garantizar su seguridad absoluta.<\/p>\n\n\n\n<h2>Cambios a esta Pol\u00edtica de privacidad<\/h2>\n\n\n\n<p>Es posible que actualicemos nuestra Pol\u00edtica de privacidad de vez en cuando.&nbsp;Por lo tanto, se le recomienda revisar esta p\u00e1gina peri\u00f3dicamente para ver si hay cambios.&nbsp;Le notificaremos cualquier cambio publicando la nueva Pol\u00edtica de privacidad en esta p\u00e1gina.<\/p>\n\n\n\n<p>Esta pol\u00edtica es efectiva a partir del 2022-07-01<\/p>\n\n\n\n<h2>Cont\u00e1ctenos<\/h2>\n\n\n\n<p>Si tiene alguna pregunta o sugerencia sobre nuestra Pol\u00edtica de Privacidad, no dude en contactarnos al correo jose+privacidad@apurata.com<\/p>\n","protected":false},"excerpt":{"rendered":"<p>\u201cTecno Cr\u00e9ditos SAC\u201d construy\u00f3 la aplicaci\u00f3n \u201cApurata Pr\u00e9stamos \u2013 Validaci\u00f3n\u201d como una aplicaci\u00f3n gratuita.&nbsp;Este SERVICIO es proporcionado por Tecno Cr\u00e9ditos SAC sin costo alguno y est\u00e1 destinado a ser utilizado tal cual. Esta p\u00e1gina se utiliza para informar a los usuarios sobre nuestras pol\u00edticas con la recopilaci\u00f3n, el uso y la divulgaci\u00f3n de informaci\u00f3n personal &hellip;<\/p>\n<p class=\"read-more\"> <a class=\"\" href=\"https:\/\/apurata.com\/blog\/privacidad\/android\/\"> <span class=\"screen-reader-text\">Pol\u00edtica de Privacidad (Android)<\/span> Read More &raquo;<\/a><\/p>\n","protected":false},"author":1,"featured_media":0,"parent":56,"menu_order":0,"comment_status":"closed","ping_status":"closed","template":"","meta":[],"yoast_head":"<!-- This site is optimized with the Yoast SEO plugin v14.9 - https:\/\/yoast.com\/wordpress\/plugins\/seo\/ -->\n<title>Pol\u00edtica de Privacidad (Android) - Apurata Blog<\/title>\n<meta name=\"robots\" content=\"index, follow, max-snippet:-1, max-image-preview:large, max-video-preview:-1\" \/>\n<link rel=\"canonical\" href=\"https:\/\/apurata.com\/blog\/privacidad\/android\/\" \/>\n<meta property=\"og:locale\" content=\"es_ES\" \/>\n<meta property=\"og:type\" content=\"article\" \/>\n<meta property=\"og:title\" content=\"Pol\u00edtica de Privacidad (Android) - Apurata Blog\" \/>\n<meta property=\"og:description\" content=\"\u201cTecno Cr\u00e9ditos SAC\u201d construy\u00f3 la aplicaci\u00f3n \u201cApurata Pr\u00e9stamos \u2013 Validaci\u00f3n\u201d como una aplicaci\u00f3n gratuita.&nbsp;Este SERVICIO es proporcionado por Tecno Cr\u00e9ditos SAC sin costo alguno y est\u00e1 destinado a ser utilizado tal cual. Esta p\u00e1gina se utiliza para informar a los usuarios sobre nuestras pol\u00edticas con la recopilaci\u00f3n, el uso y la divulgaci\u00f3n de informaci\u00f3n personal &hellip; Pol\u00edtica de Privacidad (Android) Read More &raquo;\" \/>\n<meta property=\"og:url\" content=\"https:\/\/apurata.com\/blog\/privacidad\/android\/\" \/>\n<meta property=\"og:site_name\" content=\"Apurata Blog\" \/>\n<meta property=\"article:modified_time\" content=\"2022-09-23T16:15:41+00:00\" \/>\n<meta name=\"twitter:card\" content=\"summary_large_image\" \/>\n<script type=\"application\/ld+json\" class=\"yoast-schema-graph\">{\"@context\":\"https:\/\/schema.org\",\"@graph\":[{\"@type\":\"WebSite\",\"@id\":\"https:\/\/apurata.com\/blog\/#website\",\"url\":\"https:\/\/apurata.com\/blog\/\",\"name\":\"Apurata Blog\",\"description\":\"Mejores pr\\u00e9stamos para m\\u00e1s peruanos\",\"potentialAction\":[{\"@type\":\"SearchAction\",\"target\":\"https:\/\/apurata.com\/blog\/?s={search_term_string}\",\"query-input\":\"required name=search_term_string\"}],\"inLanguage\":\"es-PE\"},{\"@type\":\"WebPage\",\"@id\":\"https:\/\/apurata.com\/blog\/privacidad\/android\/#webpage\",\"url\":\"https:\/\/apurata.com\/blog\/privacidad\/android\/\",\"name\":\"Pol\\u00edtica de Privacidad (Android) - Apurata Blog\",\"isPartOf\":{\"@id\":\"https:\/\/apurata.com\/blog\/#website\"},\"datePublished\":\"2022-07-01T16:06:29+00:00\",\"dateModified\":\"2022-09-23T16:15:41+00:00\",\"breadcrumb\":{\"@id\":\"https:\/\/apurata.com\/blog\/privacidad\/android\/#breadcrumb\"},\"inLanguage\":\"es-PE\",\"potentialAction\":[{\"@type\":\"ReadAction\",\"target\":[\"https:\/\/apurata.com\/blog\/privacidad\/android\/\"]}]},{\"@type\":\"BreadcrumbList\",\"@id\":\"https:\/\/apurata.com\/blog\/privacidad\/android\/#breadcrumb\",\"itemListElement\":[{\"@type\":\"ListItem\",\"position\":1,\"item\":{\"@type\":\"WebPage\",\"@id\":\"http:https:\/\/apurata.com\/blog\/\",\"url\":\"http:https:\/\/apurata.com\/blog\/\",\"name\":\"Portada\"}},{\"@type\":\"ListItem\",\"position\":2,\"item\":{\"@type\":\"WebPage\",\"@id\":\"https:\/\/apurata.com\/blog\/privacidad\/\",\"url\":\"https:\/\/apurata.com\/blog\/privacidad\/\",\"name\":\"Privacidad\"}},{\"@type\":\"ListItem\",\"position\":3,\"item\":{\"@type\":\"WebPage\",\"@id\":\"https:\/\/apurata.com\/blog\/privacidad\/android\/\",\"url\":\"https:\/\/apurata.com\/blog\/privacidad\/android\/\",\"name\":\"Pol\\u00edtica de Privacidad (Android)\"}}]}]}<\/script>\n<!-- \/ Yoast SEO plugin. -->","_links":{"self":[{"href":"https:\/\/apurata.com\/blog\/wp-json\/wp\/v2\/pages\/2642"}],"collection":[{"href":"https:\/\/apurata.com\/blog\/wp-json\/wp\/v2\/pages"}],"about":[{"href":"https:\/\/apurata.com\/blog\/wp-json\/wp\/v2\/types\/page"}],"author":[{"embeddable":true,"href":"https:\/\/apurata.com\/blog\/wp-json\/wp\/v2\/users\/1"}],"replies":[{"embeddable":true,"href":"https:\/\/apurata.com\/blog\/wp-json\/wp\/v2\/comments?post=2642"}],"version-history":[{"count":10,"href":"https:\/\/apurata.com\/blog\/wp-json\/wp\/v2\/pages\/2642\/revisions"}],"predecessor-version":[{"id":2782,"href":"https:\/\/apurata.com\/blog\/wp-json\/wp\/v2\/pages\/2642\/revisions\/2782"}],"up":[{"embeddable":true,"href":"https:\/\/apurata.com\/blog\/wp-json\/wp\/v2\/pages\/56"}],"wp:attachment":[{"href":"https:\/\/apurata.com\/blog\/wp-json\/wp\/v2\/media?parent=2642"}],"curies":[{"name":"wp","href":"https:\/\/api.w.org\/{rel}","templated":true}]}}