{"id":52,"date":"2018-07-26T15:44:18","date_gmt":"2018-07-26T20:44:18","guid":{"rendered":"https:\/\/apurata.wordpress.com\/?page_id=52"},"modified":"2023-01-05T14:21:30","modified_gmt":"2023-01-05T19:21:30","slug":"faq","status":"publish","type":"page","link":"https:\/\/apurata.com\/blog\/faq\/","title":{"rendered":"FAQ"},"content":{"rendered":"<p><a href=\"https:\/\/apurata.com\/aplicar\">Si ya est\u00e1s listo para solicitar tu cr\u00e9dito r\u00e1pido y seguro con Apurata, haz click aqu\u00ed ya!<\/a><\/p>\n<h4>\u00bfQu\u00e9 necesito para aplicar?<\/h4>\n<p>Para aplicar necesitas tu DNI, una cuenta bancaria a tu nombre, y completar el formulario en l\u00ednea en <a href=\"https:\/\/apurata.com\/\">https:\/\/apurata.com<\/a><\/p>\n<h4>\u00bfSon un banco?<\/h4>\n<p>No!, No somos un banco. Nosotros ofrecemos cr\u00e9dito personales r\u00e1pidos, convenientes y seguros.<\/p>\n<h4>\u00bfPiden alguna garant\u00eda?<\/h4>\n<p>No!, Tenemos una computadora que eval\u00faa tu perfil crediticio en base a la informaci\u00f3n que proporcionas en la p\u00e1gina web. Cuando terminas el cuestionario tendr\u00e1s una respuesta a tu solicitud. As\u00ed de r\u00e1pido.<\/p>\n<h4>\u00bfSon legales?<\/h4>\n<p>Si, estamos amparados bajo la Ley 26702 porque no hacemos intermediaci\u00f3n financiera. Apurata realiza pr\u00e9stamos de dinero de recursos propios.<\/p>\n<h4>\u00bfEst\u00e1n regulados por la SBS?<\/h4>\n<p>No, no estamos regulados por la SBS porque los cr\u00e9ditos personales sin aval que originamos son de recursos propios.<\/p>\n<h4>\u00bfPuedo pagar mi pr\u00e9stamo en cualquier oficina u agencia del BCP, ScotiaBank, Interbank o BBVA Banco Continental?<\/h4>\n<p>Por ahora puedes pagar tu cr\u00e9dito personal depositando en nuestras cuentas en BCP, BBVA Continental o Interbank. Esto lo puedes hacer acerc\u00e1ndote a una agencia de banco, a un agente, transfiriendo desde la pagina web de tu banco, o mediante transferencia interbancaria desde cualquier entidad financiera del Per\u00fa. Puedes encontrar mas informaci\u00f3n de donde pagar tu pr\u00e9stamo haciendo click aqu\u00ed: <a href=\"https:\/\/apurata.com\/lugares-de-pago\">nuestros lugares de pago<\/a><\/p>\n<h4>\u00bfPuedo retirar mi dinero de Western Union?<\/h4>\n<p>No puedes de Western Union, pero si puedes retirar el dinero de tu cuenta corriente o de ahorros de cualquier agente o agencia del banco donde solicitaste que fuera depositado. Esto lo indicaste durante tu aplicaci\u00f3n en l\u00ednea.<\/p>\n<h4>\u00bfLuego de completar la aplicaci\u00f3n, puedo cambiar la cuenta donde recibo mi dinero?<\/h4>\n<p>No. Cualquier cambio a la aplicaci\u00f3n luego de ser aprobada requiere cancelar la aplicaci\u00f3n y empezar una nueva, con el riesgo que esta sea negada.<\/p>\n<h4>\u00bfHay una multa o comisi\u00f3n por pagar mi cr\u00e9dito antes?<\/h4>\n<p>No hay ninguna multa o comisi\u00f3n adicional por pagar tu pr\u00e9stamo antes. Si cancelas tu pago antes, el monto que pagaras sera menor.<\/p>\n<h4>\u00bfPuedo pagar mi cr\u00e9dito en una cuota?<\/h4>\n<p>Si. Tienes que cumplir tus cuotas, pero puedes pagar tus cuotas por adelantado y el monto ser\u00e1 menor. Desde la secci\u00f3n Mi-Perfil, puedes ver el monto a pagar si pagas tu credito en una cuota.<\/p>\n<h4>\u00bfPuedo solicitar un nuevo pr\u00e9stamo luego de cumplir con mis pagos?<\/h4>\n<p>S\u00ed, 15 d\u00edas despu\u00e9s de completar tus cuotas, puedes solicitar un nuevo pr\u00e9stamo.<\/p>\n<h4>\u00bfSi pago mi cr\u00e9dito antes, que monto debo cancelar?<\/h4>\n<p>Si pagas tu cr\u00e9dito antes de la fecha pactada tendr\u00e1s un descuento sobre el monto que deb\u00edas de pagar, adem\u00e1s de la reducci\u00f3n en intereses como resultado de deber el dinero un menor plazo.<\/p>\n<h4>\u00bfLa TCEA parece un poco alta?<\/h4>\n<p>Nosotros cobramos una tasa de inter\u00e9s anual (TEA) de aproximadamente 40% al a\u00f1o. El monto que tu pagas no son solo intereses, incluye los costos que Apurata asume para verificar tu identidad en l\u00ednea, transferir el dinero a tu cuenta, recibirlo cuando tu lo abonas a nuestra cuenta, costos de cerrar la transacci\u00f3n y adquisici\u00f3n de usuarios. Lo bueno es que los clientes que pagan sus pr\u00e9stamos a tiempo tienen acceso a cr\u00e9ditos m\u00e1s grandes con un TEA y TCEA m\u00e1s bajo.<\/p>\n<h4>\u00bfQue informaci\u00f3n se reporta a las centrales de cr\u00e9dito?<\/h4>\n<p>A las centrales de cr\u00e9dito (Infocorp, Equifax, Sentinel y Experian) se le puede reportar todo comportamiento negativo del Cliente como demoras en los pagos y falta de pagos. Las instancias que son reportadas a las centrales de cr\u00e9dito son a sola discreci\u00f3n y juicio de Apurata.<\/p>\n\n","protected":false},"excerpt":{"rendered":"<p>Si ya est\u00e1s listo para solicitar tu cr\u00e9dito r\u00e1pido y seguro con Apurata, haz click aqu\u00ed ya! \u00bfQu\u00e9 necesito para aplicar? Para aplicar necesitas tu DNI, una cuenta bancaria a tu nombre, y completar el formulario en l\u00ednea en https:\/\/apurata.com \u00bfSon un banco? No!, No somos un banco. Nosotros ofrecemos cr\u00e9dito personales r\u00e1pidos, convenientes y &hellip;<\/p>\n<p class=\"read-more\"> <a class=\"\" href=\"https:\/\/apurata.com\/blog\/faq\/\"> <span class=\"screen-reader-text\">FAQ<\/span> Read More &raquo;<\/a><\/p>\n","protected":false},"author":2,"featured_media":0,"parent":0,"menu_order":0,"comment_status":"closed","ping_status":"closed","template":"","meta":[],"yoast_head":"<!-- This site is optimized with the Yoast SEO plugin v14.9 - https:\/\/yoast.com\/wordpress\/plugins\/seo\/ -->\n<title>FAQ - Apurata Blog<\/title>\n<meta name=\"robots\" content=\"index, follow, max-snippet:-1, max-image-preview:large, max-video-preview:-1\" \/>\n<link rel=\"canonical\" href=\"https:\/\/apurata.com\/blog\/faq\/\" \/>\n<meta property=\"og:locale\" content=\"es_ES\" \/>\n<meta property=\"og:type\" content=\"article\" \/>\n<meta property=\"og:title\" content=\"FAQ - Apurata Blog\" \/>\n<meta property=\"og:description\" content=\"Si ya est\u00e1s listo para solicitar tu cr\u00e9dito r\u00e1pido y seguro con Apurata, haz click aqu\u00ed ya! \u00bfQu\u00e9 necesito para aplicar? Para aplicar necesitas tu DNI, una cuenta bancaria a tu nombre, y completar el formulario en l\u00ednea en https:\/\/apurata.com \u00bfSon un banco? No!, No somos un banco. Nosotros ofrecemos cr\u00e9dito personales r\u00e1pidos, convenientes y &hellip; FAQ Read More &raquo;\" \/>\n<meta property=\"og:url\" content=\"https:\/\/apurata.com\/blog\/faq\/\" \/>\n<meta property=\"og:site_name\" content=\"Apurata Blog\" \/>\n<meta property=\"article:modified_time\" content=\"2023-01-05T19:21:30+00:00\" \/>\n<meta name=\"twitter:card\" content=\"summary_large_image\" \/>\n<script type=\"application\/ld+json\" class=\"yoast-schema-graph\">{\"@context\":\"https:\/\/schema.org\",\"@graph\":[{\"@type\":\"WebSite\",\"@id\":\"https:\/\/apurata.com\/blog\/#website\",\"url\":\"https:\/\/apurata.com\/blog\/\",\"name\":\"Apurata Blog\",\"description\":\"Mejores pr\\u00e9stamos para m\\u00e1s peruanos\",\"potentialAction\":[{\"@type\":\"SearchAction\",\"target\":\"https:\/\/apurata.com\/blog\/?s={search_term_string}\",\"query-input\":\"required name=search_term_string\"}],\"inLanguage\":\"es-PE\"},{\"@type\":\"WebPage\",\"@id\":\"https:\/\/apurata.com\/blog\/faq\/#webpage\",\"url\":\"https:\/\/apurata.com\/blog\/faq\/\",\"name\":\"FAQ - Apurata Blog\",\"isPartOf\":{\"@id\":\"https:\/\/apurata.com\/blog\/#website\"},\"datePublished\":\"2018-07-26T20:44:18+00:00\",\"dateModified\":\"2023-01-05T19:21:30+00:00\",\"breadcrumb\":{\"@id\":\"https:\/\/apurata.com\/blog\/faq\/#breadcrumb\"},\"inLanguage\":\"es-PE\",\"potentialAction\":[{\"@type\":\"ReadAction\",\"target\":[\"https:\/\/apurata.com\/blog\/faq\/\"]}]},{\"@type\":\"BreadcrumbList\",\"@id\":\"https:\/\/apurata.com\/blog\/faq\/#breadcrumb\",\"itemListElement\":[{\"@type\":\"ListItem\",\"position\":1,\"item\":{\"@type\":\"WebPage\",\"@id\":\"http:https:\/\/apurata.com\/blog\/\",\"url\":\"http:https:\/\/apurata.com\/blog\/\",\"name\":\"Portada\"}},{\"@type\":\"ListItem\",\"position\":2,\"item\":{\"@type\":\"WebPage\",\"@id\":\"https:\/\/apurata.com\/blog\/faq\/\",\"url\":\"https:\/\/apurata.com\/blog\/faq\/\",\"name\":\"FAQ\"}}]}]}<\/script>\n<!-- \/ Yoast SEO plugin. -->","_links":{"self":[{"href":"https:\/\/apurata.com\/blog\/wp-json\/wp\/v2\/pages\/52"}],"collection":[{"href":"https:\/\/apurata.com\/blog\/wp-json\/wp\/v2\/pages"}],"about":[{"href":"https:\/\/apurata.com\/blog\/wp-json\/wp\/v2\/types\/page"}],"author":[{"embeddable":true,"href":"https:\/\/apurata.com\/blog\/wp-json\/wp\/v2\/users\/2"}],"replies":[{"embeddable":true,"href":"https:\/\/apurata.com\/blog\/wp-json\/wp\/v2\/comments?post=52"}],"version-history":[{"count":2,"href":"https:\/\/apurata.com\/blog\/wp-json\/wp\/v2\/pages\/52\/revisions"}],"predecessor-version":[{"id":3264,"href":"https:\/\/apurata.com\/blog\/wp-json\/wp\/v2\/pages\/52\/revisions\/3264"}],"wp:attachment":[{"href":"https:\/\/apurata.com\/blog\/wp-json\/wp\/v2\/media?parent=52"}],"curies":[{"name":"wp","href":"https:\/\/api.w.org\/{rel}","templated":true}]}}