{"id":8,"date":"2018-07-24T21:14:38","date_gmt":"2018-07-24T21:14:38","guid":{"rendered":"https:\/\/apurata.wordpress.com\/?page_id=2"},"modified":"2020-09-30T14:03:43","modified_gmt":"2020-09-30T19:03:43","slug":"acerca-de","status":"publish","type":"page","link":"https:\/\/apurata.com\/blog\/acerca-de\/","title":{"rendered":"Acerca de"},"content":{"rendered":"<h1>Acerca de Prestamos Apurata<\/h1>\n<h2><a href=\"https:\/\/apurata.com\/aplicar\">(continua tu aplicaci\u00f3n, haz click aqu\u00ed)<\/a><\/h2>\n<h3>Creditos rapidos y seguros por Internet<\/h3>\n<p>Prestamos de Dinero en linea con Apurata son rapid\u00edsimos. Puedes solicitar tu prestamo de dinero sin aval desde tu tel\u00e9fono m\u00f3vil o puedes solicitar tu cr\u00e9dito desde tu computadora sin tener que ir a un banco o agencia. Tu credito personal es depositado directamente en tu cuenta bancaria. Puedes recibir tu prestamo en el Banco de Credito, el BBVA, el Interbank o el ScotiaBank en menos de 15 minutos. Ning\u00fan banco te presta un servicio igual de rapido y seguro como los prestamos instant\u00e1neos que ofrece Apurata. Y todo usando la moderna tecnologia de los prestamos por internet.<\/p>\n<h3>Prestamos de Dinero<\/h3>\n<p>Los Creditos Personales en Apurata son convenientes y la persona que solicita un prestamo de dinero puede recibir su dinero en menos de 29 minutos. Apurata esta transformando la manera que los Peruanos independientes pueden acceder a un pr\u00e9stamo para independientes. Tambien ofrecemos pr\u00e9stamos a dependientes y a personas que no tienen historial crediticio y quieren solicitar su primer prestamo.<\/p>\n<h3>Como obtener tu primer prestamo personal<\/h3>\n<p>Para obtener tu primer prestamo personal de dinero en Apurata tienes que solicitarlo <a href=\"https:\/\/apurata.com\/aplicar\">visitando nuestra pagina web<\/a> y completando el formulario con tus datos. Si tienes fuentes de ingresos para repagar el prestamo no estas reportado en Infocorp o Sentinel por deudas pendientes, tienes una alta posibilidad de ser aprobado en tu primer prestamo de dinero.<\/p>\n<h3>Califica para un Prestamo personal en Apurata<\/h3>\n<p>Todas las personas pueden calificar para un pr\u00e9stamo inmediato, pero nosotros nos enfocamos en ofrecerle cr\u00e9ditos personales a los m\u00e1s responsables, y aquellos que cumplen a tiempo con sus deudas y pactos de cr\u00e9dito. Para determinar qui\u00e9nes son los solicitantes m\u00e1s responsables, Apurata utiliza una sofisticada infraestructura de computadoras ubicadas en Estados Unidos, referencias y validaciones con la RENIEC, la SUNAT, el MINSA, el MTPE, el Poder Judicial, la SBS, Centrales de Riesgo como por ejemplo Infocorp, y un software \u00fanico en el mundo que identifica con gran precisi\u00f3n las personas que son buenos sujetos de cr\u00e9ditos.<\/p>\n<h3>Beneficios que obtengo cuando pago mi pr\u00e9stamo y cuotas a tiempo y cumplidamente<\/h3>\n<p>Todo el equipo en Apurata est\u00e1 comprometido con el desarrollo personal y profesional de nuestros Usuarios. Los Usuarios que pagan a tiempo sus cuotas y cumplen con sus obligaciones con Apurata reciben beneficios \u00fanicos en el mercado de cr\u00e9ditos en Per\u00fa, incluyendo tazas de inter\u00e9s debajo del 40% anual (es decir, una TEA de 39%) y la oportunidad de acceder a montos superiores a S\/1000.00 que puede ser repagado en hasta 6 meses en cuotas flexibles adecuadas a tus ingresos. Se parte del exclusivo club de miembros en Apurata, y adem\u00e1s de recibir beneficios financieros tendr\u00e1s acceso a seminarios de finanzas personales para ayudarte a ordenar tus gastos y\/o negocio.<\/p>\n<h3>El equipo A1 que esta detr\u00e1s de esta gran empresa<\/h3>\n<p>Somos un equipo de profesionales Peruanos comprometidos con mejorar el acceso al cr\u00e9dito para nuestros usuarios y sus vecinos. Apoyados por importantes inversionistas internacionales, estamos creciendo muy r\u00e1pido de la mano de nuestros clientes. Por ello, te pedimos paciencia pues tenemos que crecer nuestro portafolio de pr\u00e9stamos de una manera ordenada y enfoc\u00e1ndonos en nuestros m\u00e1s puntuales clientes.<\/p>\n<h3>Empieza recibiendo el dinero que solicitaste, y paga a tiempo solo el monto que te indicamos<\/h3>\n<p>En Apurata nuestros prestamos de dinero no tienen cargos ocultos ni comisiones sorpresas. Cuando tu solicitas tu pr\u00e9stamo personal en Apurata, tu sabes desde el primer momento cuanto dinero recibes y cuanto dinero tienes que pagar al vencimiento de tu Cr\u00e9dito. Cuando cumples con tu compromiso pactado seg\u00fan el contrato, el monto de pago que se indic\u00f3 al principio de la solicitud es el \u00fanico y final monto que tienes que pagar. Mientras mas puntual pagas, tendras acceso a mejores pr\u00e9stamos y menores intereses.<\/p>\n<h3>Agentes de cobranza, constantes llamadas telef\u00f3nicas, problemas que ocurren cuando los Usuarios quebrantan los contratos<\/h3>\n<p>En Apurata entendemos que todos merecemos una segunda oportunidad. Procura no utilizar tu seguna oportunidad en tu primer pr\u00e9stamo con Apurata y reserva tu segunda oportunidad para cuando las cosas se pongan dif\u00edciles de verdad. Todos tenemos problemas, y en Apurata nosotros entendemos que las situaciones pueden cambiar de la noche a la ma\u00f1ana. Si pagas tu primer pr\u00e9stamo a tiempo, y tienes problemas en tu segundo prestamo de dinero, comunicate con nosotros antes de tus vencimientos y demuestra tu inter\u00e9s por saldar tu pr\u00e9stamo antes del vencimiento mediante dep\u00f3sitos parciales \u2013 Apurata se compromete a brindar una segunda oportunidad a nuestros buenos clientes.<\/p>\n<h2><a href=\"https:\/\/apurata.com\/aplicar\">Ya est\u00e1s listo para solicitar tu cr\u00e9dito personal Apurata, haz click aqu\u00ed mismo ahora<\/a><\/h2>\n<h2>Aun tienes preguntas sobre como obtener un prestamo en linea o sobre Apurata?<\/h2>\n<p>Visita nuestra secci\u00f3n de <a href=\"https:\/\/apurata.com\/blog\/faq\/\">preguntas y respuestas aqui<\/a><\/p>\n<h3>Tecno Creditos SAC, RUC 20601424313<\/h3>\n","protected":false},"excerpt":{"rendered":"<p>Acerca de Prestamos Apurata (continua tu aplicaci\u00f3n, haz click aqu\u00ed) Creditos rapidos y seguros por Internet Prestamos de Dinero en linea con Apurata son rapid\u00edsimos. Puedes solicitar tu prestamo de dinero sin aval desde tu tel\u00e9fono m\u00f3vil o puedes solicitar tu cr\u00e9dito desde tu computadora sin tener que ir a un banco o agencia. Tu &hellip;<\/p>\n<p class=\"read-more\"> <a class=\"\" href=\"https:\/\/apurata.com\/blog\/acerca-de\/\"> <span class=\"screen-reader-text\">Acerca de<\/span> Read More &raquo;<\/a><\/p>\n","protected":false},"author":2,"featured_media":0,"parent":0,"menu_order":1,"comment_status":"closed","ping_status":"closed","template":"","meta":[],"yoast_head":"<!-- This site is optimized with the Yoast SEO plugin v14.9 - https:\/\/yoast.com\/wordpress\/plugins\/seo\/ -->\n<title>Acerca de - Apurata Blog<\/title>\n<meta name=\"robots\" content=\"index, follow, max-snippet:-1, max-image-preview:large, max-video-preview:-1\" \/>\n<link rel=\"canonical\" href=\"http:https:\/\/apurata.com\/blog\/acerca-de\/\" \/>\n<meta property=\"og:locale\" content=\"es_ES\" \/>\n<meta property=\"og:type\" content=\"article\" \/>\n<meta property=\"og:title\" content=\"Acerca de - Apurata Blog\" \/>\n<meta property=\"og:description\" content=\"Acerca de Prestamos Apurata (continua tu aplicaci\u00f3n, haz click aqu\u00ed) Creditos rapidos y seguros por Internet Prestamos de Dinero en linea con Apurata son rapid\u00edsimos. Puedes solicitar tu prestamo de dinero sin aval desde tu tel\u00e9fono m\u00f3vil o puedes solicitar tu cr\u00e9dito desde tu computadora sin tener que ir a un banco o agencia. Tu &hellip; Acerca de Read More &raquo;\" \/>\n<meta property=\"og:url\" content=\"http:https:\/\/apurata.com\/blog\/acerca-de\/\" \/>\n<meta property=\"og:site_name\" content=\"Apurata Blog\" \/>\n<meta property=\"article:modified_time\" content=\"2020-09-30T19:03:43+00:00\" \/>\n<meta name=\"twitter:card\" content=\"summary_large_image\" \/>\n<script type=\"application\/ld+json\" class=\"yoast-schema-graph\">{\"@context\":\"https:\/\/schema.org\",\"@graph\":[{\"@type\":\"WebSite\",\"@id\":\"https:\/\/apurata.com\/blog\/#website\",\"url\":\"https:\/\/apurata.com\/blog\/\",\"name\":\"Apurata Blog\",\"description\":\"Mejores pr\\u00e9stamos para m\\u00e1s peruanos\",\"potentialAction\":[{\"@type\":\"SearchAction\",\"target\":\"https:\/\/apurata.com\/blog\/?s={search_term_string}\",\"query-input\":\"required name=search_term_string\"}],\"inLanguage\":\"es-PE\"},{\"@type\":\"WebPage\",\"@id\":\"http:https:\/\/apurata.com\/blog\/acerca-de\/#webpage\",\"url\":\"http:https:\/\/apurata.com\/blog\/acerca-de\/\",\"name\":\"Acerca de - Apurata Blog\",\"isPartOf\":{\"@id\":\"https:\/\/apurata.com\/blog\/#website\"},\"datePublished\":\"2018-07-24T21:14:38+00:00\",\"dateModified\":\"2020-09-30T19:03:43+00:00\",\"breadcrumb\":{\"@id\":\"http:https:\/\/apurata.com\/blog\/acerca-de\/#breadcrumb\"},\"inLanguage\":\"es-PE\",\"potentialAction\":[{\"@type\":\"ReadAction\",\"target\":[\"http:https:\/\/apurata.com\/blog\/acerca-de\/\"]}]},{\"@type\":\"BreadcrumbList\",\"@id\":\"http:https:\/\/apurata.com\/blog\/acerca-de\/#breadcrumb\",\"itemListElement\":[{\"@type\":\"ListItem\",\"position\":1,\"item\":{\"@type\":\"WebPage\",\"@id\":\"http:https:\/\/apurata.com\/blog\/\",\"url\":\"http:https:\/\/apurata.com\/blog\/\",\"name\":\"Portada\"}},{\"@type\":\"ListItem\",\"position\":2,\"item\":{\"@type\":\"WebPage\",\"@id\":\"http:https:\/\/apurata.com\/blog\/acerca-de\/\",\"url\":\"http:https:\/\/apurata.com\/blog\/acerca-de\/\",\"name\":\"Acerca de\"}}]}]}<\/script>\n<!-- \/ Yoast SEO plugin. -->","_links":{"self":[{"href":"https:\/\/apurata.com\/blog\/wp-json\/wp\/v2\/pages\/8"}],"collection":[{"href":"https:\/\/apurata.com\/blog\/wp-json\/wp\/v2\/pages"}],"about":[{"href":"https:\/\/apurata.com\/blog\/wp-json\/wp\/v2\/types\/page"}],"author":[{"embeddable":true,"href":"https:\/\/apurata.com\/blog\/wp-json\/wp\/v2\/users\/2"}],"replies":[{"embeddable":true,"href":"https:\/\/apurata.com\/blog\/wp-json\/wp\/v2\/comments?post=8"}],"version-history":[{"count":3,"href":"https:\/\/apurata.com\/blog\/wp-json\/wp\/v2\/pages\/8\/revisions"}],"predecessor-version":[{"id":1622,"href":"https:\/\/apurata.com\/blog\/wp-json\/wp\/v2\/pages\/8\/revisions\/1622"}],"wp:attachment":[{"href":"https:\/\/apurata.com\/blog\/wp-json\/wp\/v2\/media?parent=8"}],"curies":[{"name":"wp","href":"https:\/\/api.w.org\/{rel}","templated":true}]}}