{"id":9,"date":"2018-07-24T21:14:37","date_gmt":"2018-07-24T21:14:37","guid":{"rendered":"https:\/\/apurata.wordpress.com\/?page_id=3"},"modified":"2025-10-17T20:08:47","modified_gmt":"2025-10-18T01:08:47","slug":"contacto","status":"publish","type":"page","link":"https:\/\/apurata.com\/blog\/contacto\/","title":{"rendered":"Contacto"},"content":{"rendered":"<h2>Chatea con nosotros:<\/h2>\n<ul>\n<li><strong><a href=\"https:\/\/direct.lc.chat\/11170257\/1\">Apurata <\/a><\/strong><a href=\"https:\/\/direct.lc.chat\/11170257\/1\">pr\u00e9stamos personales<\/a><\/li>\n<li><strong><a href=\"https:\/\/direct.lc.chat\/11170257\/3\">aCuotaz<\/a><\/strong><a href=\"https:\/\/direct.lc.chat\/11170257\/3\"> financia tu compra<\/a><\/li>\n<li><a href=\"https:\/\/direct.lc.chat\/11170257\/2\"><strong>Deudas y Pagos<\/strong><\/a><\/li>\n<\/ul>\n<h3>Otro canales:<\/h3>\n<ul>\n<li><a href=\"https:\/\/wa.me\/51943690320\">Escr\u00edbenos por whatsapp al 943-690-320 (solo mensajes, no llamadas)<\/a><\/li>\n<li><a href=\"mailto:julia+wpblog@apurata.com\">Escr\u00edbenos a julia@apurata.com<\/a><\/li>\n<li><a href=\"https:\/\/m.me\/apurata.prestamos\">H\u00e1blanos por Facebook Messenger<\/a><\/li>\n<li><a href=\"https:\/\/www.facebook.com\/apurata.prestamos\">Visita nuestra p\u00e1gina de Facebook<\/a><\/li>\n<\/ul>\n","protected":false},"excerpt":{"rendered":"<p>Chatea con nosotros: Apurata pr\u00e9stamos personales aCuotaz financia tu compra Deudas y Pagos Otro canales: Escr\u00edbenos por whatsapp al 943-690-320 (solo mensajes, no llamadas) Escr\u00edbenos a julia@apurata.com H\u00e1blanos por Facebook Messenger Visita nuestra p\u00e1gina de Facebook<\/p>\n","protected":false},"author":2,"featured_media":0,"parent":0,"menu_order":2,"comment_status":"closed","ping_status":"closed","template":"","meta":[],"yoast_head":"<!-- This site is optimized with the Yoast SEO plugin v14.9 - https:\/\/yoast.com\/wordpress\/plugins\/seo\/ -->\n<title>Contacto - Apurata Blog<\/title>\n<meta name=\"robots\" content=\"index, follow, max-snippet:-1, max-image-preview:large, max-video-preview:-1\" \/>\n<link rel=\"canonical\" href=\"https:\/\/apurata.com\/blog\/contacto\/\" \/>\n<meta property=\"og:locale\" content=\"es_ES\" \/>\n<meta property=\"og:type\" content=\"article\" \/>\n<meta property=\"og:title\" content=\"Contacto - Apurata Blog\" \/>\n<meta property=\"og:description\" content=\"Chatea con nosotros: Apurata pr\u00e9stamos personales aCuotaz financia tu compra Deudas y Pagos Otro canales: Escr\u00edbenos por whatsapp al 943-690-320 (solo mensajes, no llamadas) Escr\u00edbenos a julia@apurata.com H\u00e1blanos por Facebook Messenger Visita nuestra p\u00e1gina de Facebook\" \/>\n<meta property=\"og:url\" content=\"https:\/\/apurata.com\/blog\/contacto\/\" \/>\n<meta property=\"og:site_name\" content=\"Apurata Blog\" \/>\n<meta property=\"article:modified_time\" content=\"2025-10-18T01:08:47+00:00\" \/>\n<meta name=\"twitter:card\" content=\"summary_large_image\" \/>\n<script type=\"application\/ld+json\" class=\"yoast-schema-graph\">{\"@context\":\"https:\/\/schema.org\",\"@graph\":[{\"@type\":\"WebSite\",\"@id\":\"https:\/\/apurata.com\/blog\/#website\",\"url\":\"https:\/\/apurata.com\/blog\/\",\"name\":\"Apurata Blog\",\"description\":\"Mejores pr\\u00e9stamos para m\\u00e1s peruanos\",\"potentialAction\":[{\"@type\":\"SearchAction\",\"target\":\"https:\/\/apurata.com\/blog\/?s={search_term_string}\",\"query-input\":\"required name=search_term_string\"}],\"inLanguage\":\"es-PE\"},{\"@type\":\"WebPage\",\"@id\":\"https:\/\/apurata.com\/blog\/contacto\/#webpage\",\"url\":\"https:\/\/apurata.com\/blog\/contacto\/\",\"name\":\"Contacto - Apurata Blog\",\"isPartOf\":{\"@id\":\"https:\/\/apurata.com\/blog\/#website\"},\"datePublished\":\"2018-07-24T21:14:37+00:00\",\"dateModified\":\"2025-10-18T01:08:47+00:00\",\"breadcrumb\":{\"@id\":\"https:\/\/apurata.com\/blog\/contacto\/#breadcrumb\"},\"inLanguage\":\"es-PE\",\"potentialAction\":[{\"@type\":\"ReadAction\",\"target\":[\"https:\/\/apurata.com\/blog\/contacto\/\"]}]},{\"@type\":\"BreadcrumbList\",\"@id\":\"https:\/\/apurata.com\/blog\/contacto\/#breadcrumb\",\"itemListElement\":[{\"@type\":\"ListItem\",\"position\":1,\"item\":{\"@type\":\"WebPage\",\"@id\":\"http:https:\/\/apurata.com\/blog\/\",\"url\":\"http:https:\/\/apurata.com\/blog\/\",\"name\":\"Portada\"}},{\"@type\":\"ListItem\",\"position\":2,\"item\":{\"@type\":\"WebPage\",\"@id\":\"https:\/\/apurata.com\/blog\/contacto\/\",\"url\":\"https:\/\/apurata.com\/blog\/contacto\/\",\"name\":\"Contacto\"}}]}]}<\/script>\n<!-- \/ Yoast SEO plugin. -->","_links":{"self":[{"href":"https:\/\/apurata.com\/blog\/wp-json\/wp\/v2\/pages\/9"}],"collection":[{"href":"https:\/\/apurata.com\/blog\/wp-json\/wp\/v2\/pages"}],"about":[{"href":"https:\/\/apurata.com\/blog\/wp-json\/wp\/v2\/types\/page"}],"author":[{"embeddable":true,"href":"https:\/\/apurata.com\/blog\/wp-json\/wp\/v2\/users\/2"}],"replies":[{"embeddable":true,"href":"https:\/\/apurata.com\/blog\/wp-json\/wp\/v2\/comments?post=9"}],"version-history":[{"count":4,"href":"https:\/\/apurata.com\/blog\/wp-json\/wp\/v2\/pages\/9\/revisions"}],"predecessor-version":[{"id":3660,"href":"https:\/\/apurata.com\/blog\/wp-json\/wp\/v2\/pages\/9\/revisions\/3660"}],"wp:attachment":[{"href":"https:\/\/apurata.com\/blog\/wp-json\/wp\/v2\/media?parent=9"}],"curies":[{"name":"wp","href":"https:\/\/api.w.org\/{rel}","templated":true}]}}